{"id":278,"date":"2023-02-17T19:16:04","date_gmt":"2023-02-17T19:16:04","guid":{"rendered":"https:\/\/meediagrupi.ee\/?page_id=278"},"modified":"2024-01-30T07:42:09","modified_gmt":"2024-01-30T07:42:09","slug":"yrityksesta","status":"publish","type":"page","link":"https:\/\/meediagrupi.ee\/fi\/yrityksesta\/","title":{"rendered":"Yrityksest\u00e4"},"content":{"rendered":"","protected":false},"excerpt":{"rendered":"","protected":false},"author":1,"featured_media":0,"parent":0,"menu_order":0,"comment_status":"closed","ping_status":"closed","template":"","meta":{"_acf_changed":false,"inline_featured_image":false,"footnotes":""},"class_list":["post-278","page","type-page","status-publish","hentry"],"acf":[],"yoast_head":"<!-- This site is optimized with the Yoast SEO plugin v22.8 - https:\/\/yoast.com\/wordpress\/plugins\/seo\/ -->\n<title>Yrityksest\u00e4 - Huonekalu ja myyntiratkaisut<\/title>\n<meta name=\"description\" content=\"Yrityksest\u00e4 - Huonekalu ja myyntiratkaisut.Me sisustamme huoneita, joista muodostuu viihtyisi\u00e4 asuntoja tai yritystiloja. Ota yhteytt\u00e4 jo t\u00e4n\u00e4\u00e4n!\" \/>\n<meta name=\"robots\" content=\"index, follow, max-snippet:-1, max-image-preview:large, max-video-preview:-1\" \/>\n<link rel=\"canonical\" href=\"https:\/\/meediagrupi.ee\/fi\/yrityksesta\/\" \/>\n<meta property=\"og:locale\" content=\"fi_FI\" \/>\n<meta property=\"og:type\" content=\"article\" \/>\n<meta property=\"og:title\" content=\"Yrityksest\u00e4 - Huonekalu ja myyntiratkaisut\" \/>\n<meta property=\"og:description\" content=\"Yrityksest\u00e4 - Huonekalu ja myyntiratkaisut.Me sisustamme huoneita, joista muodostuu viihtyisi\u00e4 asuntoja tai yritystiloja. Ota yhteytt\u00e4 jo t\u00e4n\u00e4\u00e4n!\" \/>\n<meta property=\"og:url\" content=\"https:\/\/meediagrupi.ee\/fi\/yrityksesta\/\" \/>\n<meta property=\"og:site_name\" content=\"Meediagrupi\" \/>\n<meta property=\"article:modified_time\" content=\"2024-01-30T07:42:09+00:00\" \/>\n<meta name=\"twitter:card\" content=\"summary_large_image\" \/>\n<meta name=\"twitter:label1\" content=\"Arvioitu lukuaika\" \/>\n\t<meta name=\"twitter:data1\" content=\"3 minuuttia\" \/>\n<script type=\"application\/ld+json\" class=\"yoast-schema-graph\">{\"@context\":\"https:\/\/schema.org\",\"@graph\":[{\"@type\":\"WebPage\",\"@id\":\"https:\/\/meediagrupi.ee\/fi\/yrityksesta\/\",\"url\":\"https:\/\/meediagrupi.ee\/fi\/yrityksesta\/\",\"name\":\"Yrityksest\u00e4 - Huonekalu ja myyntiratkaisut\",\"isPartOf\":{\"@id\":\"https:\/\/meediagrupi.ee\/fi\/#website\"},\"datePublished\":\"2023-02-17T19:16:04+00:00\",\"dateModified\":\"2024-01-30T07:42:09+00:00\",\"description\":\"Yrityksest\u00e4 - Huonekalu ja myyntiratkaisut.Me sisustamme huoneita, joista muodostuu viihtyisi\u00e4 asuntoja tai yritystiloja. Ota yhteytt\u00e4 jo t\u00e4n\u00e4\u00e4n!\",\"breadcrumb\":{\"@id\":\"https:\/\/meediagrupi.ee\/fi\/yrityksesta\/#breadcrumb\"},\"inLanguage\":\"fi\",\"potentialAction\":[{\"@type\":\"ReadAction\",\"target\":[\"https:\/\/meediagrupi.ee\/fi\/yrityksesta\/\"]}]},{\"@type\":\"BreadcrumbList\",\"@id\":\"https:\/\/meediagrupi.ee\/fi\/yrityksesta\/#breadcrumb\",\"itemListElement\":[{\"@type\":\"ListItem\",\"position\":1,\"name\":\"Home\",\"item\":\"https:\/\/meediagrupi.ee\/fi\/\"},{\"@type\":\"ListItem\",\"position\":2,\"name\":\"Yrityksest\u00e4\"}]},{\"@type\":\"WebSite\",\"@id\":\"https:\/\/meediagrupi.ee\/fi\/#website\",\"url\":\"https:\/\/meediagrupi.ee\/fi\/\",\"name\":\"Meediagrupi\",\"description\":\"\",\"potentialAction\":[{\"@type\":\"SearchAction\",\"target\":{\"@type\":\"EntryPoint\",\"urlTemplate\":\"https:\/\/meediagrupi.ee\/fi\/?s={search_term_string}\"},\"query-input\":\"required name=search_term_string\"}],\"inLanguage\":\"fi\"}]}<\/script>\n<!-- \/ Yoast SEO plugin. -->","yoast_head_json":{"title":"Yrityksest\u00e4 - Huonekalu ja myyntiratkaisut","description":"Yrityksest\u00e4 - Huonekalu ja myyntiratkaisut.Me sisustamme huoneita, joista muodostuu viihtyisi\u00e4 asuntoja tai yritystiloja. Ota yhteytt\u00e4 jo t\u00e4n\u00e4\u00e4n!","robots":{"index":"index","follow":"follow","max-snippet":"max-snippet:-1","max-image-preview":"max-image-preview:large","max-video-preview":"max-video-preview:-1"},"canonical":"https:\/\/meediagrupi.ee\/fi\/yrityksesta\/","og_locale":"fi_FI","og_type":"article","og_title":"Yrityksest\u00e4 - Huonekalu ja myyntiratkaisut","og_description":"Yrityksest\u00e4 - Huonekalu ja myyntiratkaisut.Me sisustamme huoneita, joista muodostuu viihtyisi\u00e4 asuntoja tai yritystiloja. Ota yhteytt\u00e4 jo t\u00e4n\u00e4\u00e4n!","og_url":"https:\/\/meediagrupi.ee\/fi\/yrityksesta\/","og_site_name":"Meediagrupi","article_modified_time":"2024-01-30T07:42:09+00:00","twitter_card":"summary_large_image","twitter_misc":{"Arvioitu lukuaika":"3 minuuttia"},"schema":{"@context":"https:\/\/schema.org","@graph":[{"@type":"WebPage","@id":"https:\/\/meediagrupi.ee\/fi\/yrityksesta\/","url":"https:\/\/meediagrupi.ee\/fi\/yrityksesta\/","name":"Yrityksest\u00e4 - Huonekalu ja myyntiratkaisut","isPartOf":{"@id":"https:\/\/meediagrupi.ee\/fi\/#website"},"datePublished":"2023-02-17T19:16:04+00:00","dateModified":"2024-01-30T07:42:09+00:00","description":"Yrityksest\u00e4 - Huonekalu ja myyntiratkaisut.Me sisustamme huoneita, joista muodostuu viihtyisi\u00e4 asuntoja tai yritystiloja. Ota yhteytt\u00e4 jo t\u00e4n\u00e4\u00e4n!","breadcrumb":{"@id":"https:\/\/meediagrupi.ee\/fi\/yrityksesta\/#breadcrumb"},"inLanguage":"fi","potentialAction":[{"@type":"ReadAction","target":["https:\/\/meediagrupi.ee\/fi\/yrityksesta\/"]}]},{"@type":"BreadcrumbList","@id":"https:\/\/meediagrupi.ee\/fi\/yrityksesta\/#breadcrumb","itemListElement":[{"@type":"ListItem","position":1,"name":"Home","item":"https:\/\/meediagrupi.ee\/fi\/"},{"@type":"ListItem","position":2,"name":"Yrityksest\u00e4"}]},{"@type":"WebSite","@id":"https:\/\/meediagrupi.ee\/fi\/#website","url":"https:\/\/meediagrupi.ee\/fi\/","name":"Meediagrupi","description":"","potentialAction":[{"@type":"SearchAction","target":{"@type":"EntryPoint","urlTemplate":"https:\/\/meediagrupi.ee\/fi\/?s={search_term_string}"},"query-input":"required name=search_term_string"}],"inLanguage":"fi"}]}},"_links":{"self":[{"href":"https:\/\/meediagrupi.ee\/fi\/wp-json\/wp\/v2\/pages\/278","targetHints":{"allow":["GET"]}}],"collection":[{"href":"https:\/\/meediagrupi.ee\/fi\/wp-json\/wp\/v2\/pages"}],"about":[{"href":"https:\/\/meediagrupi.ee\/fi\/wp-json\/wp\/v2\/types\/page"}],"author":[{"embeddable":true,"href":"https:\/\/meediagrupi.ee\/fi\/wp-json\/wp\/v2\/users\/1"}],"replies":[{"embeddable":true,"href":"https:\/\/meediagrupi.ee\/fi\/wp-json\/wp\/v2\/comments?post=278"}],"version-history":[{"count":3,"href":"https:\/\/meediagrupi.ee\/fi\/wp-json\/wp\/v2\/pages\/278\/revisions"}],"predecessor-version":[{"id":3107,"href":"https:\/\/meediagrupi.ee\/fi\/wp-json\/wp\/v2\/pages\/278\/revisions\/3107"}],"wp:attachment":[{"href":"https:\/\/meediagrupi.ee\/fi\/wp-json\/wp\/v2\/media?parent=278"}],"curies":[{"name":"wp","href":"https:\/\/api.w.org\/{rel}","templated":true}]}}